{"id":17,"date":"2024-07-19T14:51:20","date_gmt":"2024-07-19T12:51:20","guid":{"rendered":"https:\/\/favdef.ukoo.hosting\/?page_id=17"},"modified":"2026-04-07T09:26:50","modified_gmt":"2026-04-07T07:26:50","slug":"mentions-legales","status":"publish","type":"page","link":"https:\/\/favdef.ukoo.hosting\/en\/mentions-legales\/","title":{"rendered":"Mentions l\u00e9gales"},"content":{"rendered":"<h1>Mentions l\u00e9gales<\/h1>\n<h2>Edition<\/h2>\n<p>Le site <strong>www.lorem.com <\/strong>est la propri\u00e9t\u00e9 pleine et enti\u00e8re de <strong>client<\/strong><\/p>\n<p>Address :<br \/>\n<strong>10 RUE DES 68000 MULHOUSE FRANCE<\/strong><\/p>\n<p>T\u00e9l\u00e9phone :<br \/>\n<strong>06 00 00 00 00<\/strong><\/p>\n<p>N\u00b0 Registre du Commerce ou R\u00e9pertoire des m\u00e9tiers :<br \/>\nN\u00b0 SIRET de l\u2019\u00e9tablissement :<br \/>\n<strong>800000000<\/strong><\/p>\n<p>Directeur de r\u00e9daction et de publication :<br \/>\n<strong>Lorem<\/strong><\/p>\n<p>Ce site a \u00e9t\u00e9 con\u00e7u et r\u00e9alis\u00e9 par Ukoo<\/p>\n<p>Son h\u00e9bergement est assur\u00e9 par Infomaniak, dans un centre de donn\u00e9es situ\u00e9 en Suisse.<\/p>\n<h2>Marques \u2013 Propri\u00e9t\u00e9 intellectuelle<\/h2>\n<p>Tous les noms et marques de produits ou autres marques cit\u00e9s sur ce site sont d\u00e9pos\u00e9s par leurs propri\u00e9taires respectifs. Les sources mentionn\u00e9es conservent leurs droits. Tous les textes, photos, vid\u00e9os, images, dessins, s\u00e9quences anim\u00e9es et toutes \u0153uvres consultables sur le site sont prot\u00e9g\u00e9s par des droits d\u2019auteur. Toute reproduction, m\u00eame partielle doit faire l\u2019oeuvre d\u2019une demande au responsable de la publication ou au webmaster.<\/p>\n<h2>Dysfonctionnement \u2013 Virus<\/h2>\n<p>Le propri\u00e9taire du site ne pourra \u00eatre tenu responsable des dommages directs ou indirects, r\u00e9sultant de l\u2019utilisation de ce site Web, ou de l\u2019impossibilit\u00e9 pour un tiers de l\u2019utiliser, ou d\u2019un mauvais fonctionnement, d\u2019une interruption, d\u2019un virus ou encore d\u2019un probl\u00e8me de ligne ou de syst\u00e8me.<\/p>\n<h2>Cookies<\/h2>\n<p>Pour des besoins de statistiques et d\u2019affichage, ce site utilise des cookies. Il s\u2019agit de petits fichiers textes stock\u00e9s sur votre disque dur afin d\u2019enregistrer des donn\u00e9es techniques sur votre navigation. Certaines parties de ce site ne peuvent \u00eatre fonctionnelle sans l\u2019acceptation de cookies.<\/p>\n<h2>Responsabilit\u00e9<\/h2>\n<p>Le contenu et l\u2019environnement des sites ext\u00e9rieurs auxquels le site <strong>www.client.com<\/strong> peut renvoyer (notamment par l\u2019interm\u00e9diaire de liens hypertextes) n\u2019engagent pas la responsabilit\u00e9 de <strong>Client<\/strong><\/p>\n<p>La mise en place de liens hypertextes par des tiers vers des pages ou des documents du site <strong>de Client<\/strong> est autoris\u00e9e sous r\u00e9serve que les liens ne contreviennent pas aux int\u00e9r\u00eats de <strong>Client<\/strong> et qu\u2019ils garantissent la possibilit\u00e9 pour l\u2019utilisateur d\u2019identifier l\u2019origine et l\u2019auteur du document.<\/p>\n<p>La responsabilit\u00e9 <strong>de<\/strong> <strong>Client<\/strong> ne peut, en aucune mani\u00e8re, \u00eatre engag\u00e9e quant au contenu des informations figurant sur ce site ou aux cons\u00e9quences pouvant r\u00e9sulter de leur utilisation ou interpr\u00e9tation.<\/p>\n<p>La consultation du site <strong>www.client.com<\/strong> pr\u00e9suppose que l\u2019internaute en accepte les termes et conditions pr\u00e9cis\u00e9s ci-dessus.<\/p>\n<h2>R\u00e9alisation \u2013 H\u00e9bergement<\/h2>\n<p><a href=\"https:\/\/www.ukoo.fr\/\" target=\"_blank\" rel=\"noopener\"><img decoding=\"async\" src=\"https:\/\/www.ukoo.fr\/images\/logos\/logo_ukoo_fond_blanc.png\" \/><\/a><\/p>\n<ul>\n<li><strong>Ukoo SAS<\/strong><\/li>\n<li>Si\u00e8ge social : 7 avenue du Mar\u00e9chal Foch 68100 Mulhouse \u2013 France<\/li>\n<li>T\u00e9l\u00e9phone : +33 (0)3 89 64 05 12<\/li>\n<li>Site web :\u00a0<a href=\"https:\/\/www.ukoo.fr\/\" target=\"_blank\" rel=\"noopener\">www.ukoo.fr<\/a><\/li>\n<\/ul>\n<p>La mise en place de liens hypertextes par des tiers vers des pages ou des documents du site de <strong>Client<\/strong> est autoris\u00e9e sous r\u00e9serve que les liens ne contreviennent pas aux int\u00e9r\u00eats de <strong>Client<\/strong> et qu\u2019ils garantissent la possibilit\u00e9 pour l\u2019utilisateur d\u2019identifier l\u2019origine et l\u2019auteur du document.<\/p>\n<p>La responsabilit\u00e9 de <strong>client<\/strong> ne peut, en aucune mani\u00e8re, \u00eatre engag\u00e9e quant au contenu des informations figurant sur ce site ou aux cons\u00e9quences pouvant r\u00e9sulter de leur utilisation ou interpr\u00e9tation.<\/p>\n<p>La consultation du site <strong>www.client.com<\/strong> pr\u00e9suppose que l\u2019internaute en accepte les termes et conditions pr\u00e9cis\u00e9s ci-dessus.<\/p>","protected":false},"excerpt":{"rendered":"<p>Mentions l\u00e9gales Edition Le site www.lorem.com est la propri\u00e9t\u00e9 pleine et enti\u00e8re de client Adresse : 10 RUE DES 68000 MULHOUSE FRANCE T\u00e9l\u00e9phone : 06 00 00 00 00 N\u00b0 Registre du Commerce ou R\u00e9pertoire des m\u00e9tiers : N\u00b0 SIRET de l\u2019\u00e9tablissement : 800000000 Directeur de r\u00e9daction et de publication : Lorem Ce site a [&hellip;]<\/p>\n","protected":false},"author":1,"featured_media":0,"parent":0,"menu_order":0,"comment_status":"closed","ping_status":"closed","template":"","meta":{"footnotes":""},"class_list":["post-17","page","type-page","status-publish","hentry"],"yoast_head":"<!-- This site is optimized with the Yoast SEO plugin v27.3 - https:\/\/yoast.com\/product\/yoast-seo-wordpress\/ -->\n<title>Mentions l\u00e9gales de la Foire aux Vins d&#039;Alsace<\/title>\n<meta name=\"description\" content=\"Prenez connaissance des mentions l\u00e9gales et modalit\u00e9s d&#039;utilisation du site de la Foire aux Vins d&#039;Alsace.\" \/>\n<meta name=\"robots\" content=\"noindex, follow, max-snippet:-1, max-image-preview:large, max-video-preview:-1\" \/>\n<meta property=\"og:locale\" content=\"en_GB\" \/>\n<meta property=\"og:type\" content=\"article\" \/>\n<meta property=\"og:title\" content=\"Mentions l\u00e9gales de la Foire aux Vins d&#039;Alsace\" \/>\n<meta property=\"og:description\" content=\"Prenez connaissance des mentions l\u00e9gales et modalit\u00e9s d&#039;utilisation du site de la Foire aux Vins d&#039;Alsace.\" \/>\n<meta property=\"og:url\" content=\"https:\/\/favdef.ukoo.hosting\/en\/mentions-legales\/\" \/>\n<meta property=\"og:site_name\" content=\"Foire au vins\" \/>\n<meta property=\"article:modified_time\" content=\"2026-04-07T07:26:50+00:00\" \/>\n<meta property=\"og:image\" content=\"https:\/\/www.ukoo.fr\/images\/logos\/logo_ukoo_fond_blanc.png\" \/>\n<meta name=\"twitter:card\" content=\"summary_large_image\" \/>\n<meta name=\"twitter:label1\" content=\"Estimated reading time\" \/>\n\t<meta name=\"twitter:data1\" content=\"9 minutes\" \/>\n<script type=\"application\/ld+json\" class=\"yoast-schema-graph\">{\"@context\":\"https:\\\/\\\/schema.org\",\"@graph\":[{\"@type\":\"WebPage\",\"@id\":\"https:\\\/\\\/favdef.ukoo.hosting\\\/mentions-legales\\\/\",\"url\":\"https:\\\/\\\/favdef.ukoo.hosting\\\/mentions-legales\\\/\",\"name\":\"Mentions l\u00e9gales de la Foire aux Vins d'Alsace\",\"isPartOf\":{\"@id\":\"https:\\\/\\\/favdef.ukoo.hosting\\\/#website\"},\"primaryImageOfPage\":{\"@id\":\"https:\\\/\\\/favdef.ukoo.hosting\\\/mentions-legales\\\/#primaryimage\"},\"image\":{\"@id\":\"https:\\\/\\\/favdef.ukoo.hosting\\\/mentions-legales\\\/#primaryimage\"},\"thumbnailUrl\":\"https:\\\/\\\/www.ukoo.fr\\\/images\\\/logos\\\/logo_ukoo_fond_blanc.png\",\"datePublished\":\"2024-07-19T12:51:20+00:00\",\"dateModified\":\"2026-04-07T07:26:50+00:00\",\"description\":\"Prenez connaissance des mentions l\u00e9gales et modalit\u00e9s d'utilisation du site de la Foire aux Vins d'Alsace.\",\"breadcrumb\":{\"@id\":\"https:\\\/\\\/favdef.ukoo.hosting\\\/mentions-legales\\\/#breadcrumb\"},\"inLanguage\":\"en-GB\",\"potentialAction\":[{\"@type\":\"ReadAction\",\"target\":[\"https:\\\/\\\/favdef.ukoo.hosting\\\/mentions-legales\\\/\"]}]},{\"@type\":\"ImageObject\",\"inLanguage\":\"en-GB\",\"@id\":\"https:\\\/\\\/favdef.ukoo.hosting\\\/mentions-legales\\\/#primaryimage\",\"url\":\"https:\\\/\\\/www.ukoo.fr\\\/images\\\/logos\\\/logo_ukoo_fond_blanc.png\",\"contentUrl\":\"https:\\\/\\\/www.ukoo.fr\\\/images\\\/logos\\\/logo_ukoo_fond_blanc.png\"},{\"@type\":\"BreadcrumbList\",\"@id\":\"https:\\\/\\\/favdef.ukoo.hosting\\\/mentions-legales\\\/#breadcrumb\",\"itemListElement\":[{\"@type\":\"ListItem\",\"position\":1,\"name\":\"Accueil\",\"item\":\"https:\\\/\\\/favdef.ukoo.hosting\\\/\"},{\"@type\":\"ListItem\",\"position\":2,\"name\":\"Mentions l\u00e9gales\"}]},{\"@type\":\"WebSite\",\"@id\":\"https:\\\/\\\/favdef.ukoo.hosting\\\/#website\",\"url\":\"https:\\\/\\\/favdef.ukoo.hosting\\\/\",\"name\":\"Foire au vins\",\"description\":\"\",\"potentialAction\":[{\"@type\":\"SearchAction\",\"target\":{\"@type\":\"EntryPoint\",\"urlTemplate\":\"https:\\\/\\\/favdef.ukoo.hosting\\\/?s={search_term_string}\"},\"query-input\":{\"@type\":\"PropertyValueSpecification\",\"valueRequired\":true,\"valueName\":\"search_term_string\"}}],\"inLanguage\":\"en-GB\"}]}<\/script>\n<!-- \/ Yoast SEO plugin. -->","yoast_head_json":{"title":"Mentions l\u00e9gales de la Foire aux Vins d'Alsace","description":"Prenez connaissance des mentions l\u00e9gales et modalit\u00e9s d'utilisation du site de la Foire aux Vins d'Alsace.","robots":{"index":"noindex","follow":"follow","max-snippet":"max-snippet:-1","max-image-preview":"max-image-preview:large","max-video-preview":"max-video-preview:-1"},"og_locale":"en_GB","og_type":"article","og_title":"Mentions l\u00e9gales de la Foire aux Vins d'Alsace","og_description":"Prenez connaissance des mentions l\u00e9gales et modalit\u00e9s d'utilisation du site de la Foire aux Vins d'Alsace.","og_url":"https:\/\/favdef.ukoo.hosting\/en\/mentions-legales\/","og_site_name":"Foire au vins","article_modified_time":"2026-04-07T07:26:50+00:00","og_image":[{"url":"https:\/\/www.ukoo.fr\/images\/logos\/logo_ukoo_fond_blanc.png","type":"","width":"","height":""}],"twitter_card":"summary_large_image","twitter_misc":{"Estimated reading time":"9 minutes"},"schema":{"@context":"https:\/\/schema.org","@graph":[{"@type":"WebPage","@id":"https:\/\/favdef.ukoo.hosting\/mentions-legales\/","url":"https:\/\/favdef.ukoo.hosting\/mentions-legales\/","name":"Mentions l\u00e9gales de la Foire aux Vins d'Alsace","isPartOf":{"@id":"https:\/\/favdef.ukoo.hosting\/#website"},"primaryImageOfPage":{"@id":"https:\/\/favdef.ukoo.hosting\/mentions-legales\/#primaryimage"},"image":{"@id":"https:\/\/favdef.ukoo.hosting\/mentions-legales\/#primaryimage"},"thumbnailUrl":"https:\/\/www.ukoo.fr\/images\/logos\/logo_ukoo_fond_blanc.png","datePublished":"2024-07-19T12:51:20+00:00","dateModified":"2026-04-07T07:26:50+00:00","description":"Prenez connaissance des mentions l\u00e9gales et modalit\u00e9s d'utilisation du site de la Foire aux Vins d'Alsace.","breadcrumb":{"@id":"https:\/\/favdef.ukoo.hosting\/mentions-legales\/#breadcrumb"},"inLanguage":"en-GB","potentialAction":[{"@type":"ReadAction","target":["https:\/\/favdef.ukoo.hosting\/mentions-legales\/"]}]},{"@type":"ImageObject","inLanguage":"en-GB","@id":"https:\/\/favdef.ukoo.hosting\/mentions-legales\/#primaryimage","url":"https:\/\/www.ukoo.fr\/images\/logos\/logo_ukoo_fond_blanc.png","contentUrl":"https:\/\/www.ukoo.fr\/images\/logos\/logo_ukoo_fond_blanc.png"},{"@type":"BreadcrumbList","@id":"https:\/\/favdef.ukoo.hosting\/mentions-legales\/#breadcrumb","itemListElement":[{"@type":"ListItem","position":1,"name":"Accueil","item":"https:\/\/favdef.ukoo.hosting\/"},{"@type":"ListItem","position":2,"name":"Mentions l\u00e9gales"}]},{"@type":"WebSite","@id":"https:\/\/favdef.ukoo.hosting\/#website","url":"https:\/\/favdef.ukoo.hosting\/","name":"Foire au vins","description":"","potentialAction":[{"@type":"SearchAction","target":{"@type":"EntryPoint","urlTemplate":"https:\/\/favdef.ukoo.hosting\/?s={search_term_string}"},"query-input":{"@type":"PropertyValueSpecification","valueRequired":true,"valueName":"search_term_string"}}],"inLanguage":"en-GB"}]}},"_links":{"self":[{"href":"https:\/\/favdef.ukoo.hosting\/en\/wp-json\/wp\/v2\/pages\/17","targetHints":{"allow":["GET"]}}],"collection":[{"href":"https:\/\/favdef.ukoo.hosting\/en\/wp-json\/wp\/v2\/pages"}],"about":[{"href":"https:\/\/favdef.ukoo.hosting\/en\/wp-json\/wp\/v2\/types\/page"}],"author":[{"embeddable":true,"href":"https:\/\/favdef.ukoo.hosting\/en\/wp-json\/wp\/v2\/users\/1"}],"replies":[{"embeddable":true,"href":"https:\/\/favdef.ukoo.hosting\/en\/wp-json\/wp\/v2\/comments?post=17"}],"version-history":[{"count":28,"href":"https:\/\/favdef.ukoo.hosting\/en\/wp-json\/wp\/v2\/pages\/17\/revisions"}],"predecessor-version":[{"id":10618,"href":"https:\/\/favdef.ukoo.hosting\/en\/wp-json\/wp\/v2\/pages\/17\/revisions\/10618"}],"wp:attachment":[{"href":"https:\/\/favdef.ukoo.hosting\/en\/wp-json\/wp\/v2\/media?parent=17"}],"curies":[{"name":"wp","href":"https:\/\/api.w.org\/{rel}","templated":true}]}}